{"id":103,"date":"2016-01-29T11:05:27","date_gmt":"2016-01-29T11:05:27","guid":{"rendered":"https:\/\/danmarksveteraner.dk\/wordpress\/?page_id=103"},"modified":"2021-11-18T15:25:06","modified_gmt":"2021-11-18T14:25:06","slug":"aendring-af-kontaktoplysninger","status":"publish","type":"page","link":"https:\/\/old.danmarksveteraner.dk\/wordpress\/?page_id=103","title":{"rendered":"\u00c6ndring af medlemsoplysninger"},"content":{"rendered":"<p>Nedenfor kan du \u00e6ndre oplysninger om dig selv, herunder ny adresse, nyt telefonnummer, ny e-mail adresse samt tilf\u00f8je missioner du har v\u00e6ret udsendt i. Formularen vil blive sendt til vores kartoteksf\u00f8rer, der herefter opdaterer foreningens oversigt over medlemmer.<\/p>\n<p>Bem\u00e6rk at felter markeret med * skal udfyldes.<\/p>\n<p>[Form id=&#8221;54&#8243;]<\/p>\n","protected":false},"excerpt":{"rendered":"<p>Nedenfor kan du \u00e6ndre oplysninger om dig selv, herunder ny adresse, nyt telefonnummer, ny e-mail adresse samt tilf\u00f8je missioner du<\/p>\n","protected":false},"author":1,"featured_media":0,"parent":88,"menu_order":2,"comment_status":"closed","ping_status":"closed","template":"","meta":[],"_links":{"self":[{"href":"https:\/\/old.danmarksveteraner.dk\/wordpress\/index.php?rest_route=\/wp\/v2\/pages\/103"}],"collection":[{"href":"https:\/\/old.danmarksveteraner.dk\/wordpress\/index.php?rest_route=\/wp\/v2\/pages"}],"about":[{"href":"https:\/\/old.danmarksveteraner.dk\/wordpress\/index.php?rest_route=\/wp\/v2\/types\/page"}],"author":[{"embeddable":true,"href":"https:\/\/old.danmarksveteraner.dk\/wordpress\/index.php?rest_route=\/wp\/v2\/users\/1"}],"replies":[{"embeddable":true,"href":"https:\/\/old.danmarksveteraner.dk\/wordpress\/index.php?rest_route=%2Fwp%2Fv2%2Fcomments&post=103"}],"version-history":[{"count":5,"href":"https:\/\/old.danmarksveteraner.dk\/wordpress\/index.php?rest_route=\/wp\/v2\/pages\/103\/revisions"}],"predecessor-version":[{"id":9423,"href":"https:\/\/old.danmarksveteraner.dk\/wordpress\/index.php?rest_route=\/wp\/v2\/pages\/103\/revisions\/9423"}],"up":[{"embeddable":true,"href":"https:\/\/old.danmarksveteraner.dk\/wordpress\/index.php?rest_route=\/wp\/v2\/pages\/88"}],"wp:attachment":[{"href":"https:\/\/old.danmarksveteraner.dk\/wordpress\/index.php?rest_route=%2Fwp%2Fv2%2Fmedia&parent=103"}],"curies":[{"name":"wp","href":"https:\/\/api.w.org\/{rel}","templated":true}]}}